{"id":24124,"date":"2024-09-26T18:57:28","date_gmt":"2024-09-26T15:27:28","guid":{"rendered":"https:\/\/wp-base.ir\/?page_id=24124"},"modified":"2024-09-26T19:01:04","modified_gmt":"2024-09-26T15:31:04","slug":"bold-builder","status":"publish","type":"page","link":"https:\/\/wp-base.ir\/fa\/bold-builder\/","title":{"rendered":"bold builder"},"content":{"rendered":"<p>[bt_bb_section layout=&#8221;boxed_1200&#8243; lazy_load=&#8221;no&#8221; top_spacing=&#8221;medium,;,,;,,;,,;,,;,&#8221; bottom_spacing=&#8221;normal,;,,;,,;,,;,,;,&#8221; full_screen=&#8221;&#8221; vertical_align=&#8221;top&#8221; color_scheme=&#8221;&#8221; background_color=&#8221;&#8221; background_image=&#8221;3688&#8243; background_overlay=&#8221;light_stripes&#8221; top_section_coverage_image=&#8221;&#8221; bottom_section_coverage_image=&#8221;&#8221; parallax=&#8221;0.8&#8243; parallax_offset=&#8221;&#8221; background_video_yt=&#8221;&#8221; yt_video_settings=&#8221;&#8221; background_video_mp4=&#8221;&#8221; background_video_ogg=&#8221;&#8221; background_video_webm=&#8221;&#8221; responsive=&#8221;&#8221; publish_datetime=&#8221;&#8221; expiry_datetime=&#8221;&#8221; el_id=&#8221;&#8221; el_class=&#8221;&#8221; el_style=&#8221;&#8221; negative_margin=&#8221;&#8221; section_coverage_image=&#8221;&#8221; bt_bb_toggled=&#8221;false&#8221; show_video_on_mobile=&#8221;&#8221; animation=&#8221;no_animation&#8221; bb_version=&#8221;5.1.3&#8243;][bt_bb_row bb_version=&#8221;5.1.3&#8243;][bt_bb_column order=&#8221;0&#8243; lazy_load=&#8221;yes&#8221; bb_version=&#8221;5.1.3&#8243; shape=&#8221;inherit&#8221; border=&#8221;&#8221; width=&#8221;1\/1&#8243; width_xl=&#8221;1\/1&#8243; width_lg=&#8221;1\/1&#8243; width_md=&#8221;1\/1&#8243; width_sm=&#8221;1\/1&#8243; width_xs=&#8221;1\/1&#8243;][bt_bb_headline supertitle_position=&#8221;outside&#8221; font_subset=&#8221;latin,latin-ext&#8221; font_load_extension=&#8221;&#8221; bb_version=&#8221;5.1.3&#8243; ai_prompt=&#8221;eyJrZXl3b3JkcyI6IiIsInRvbmUiOiIiLCJtb2RlIjoiZ2VuZXJhdGUiLCJsYW5ndWFnZSI6IiIsImxlbmd0aCI6IltcIlwiLFwiXCIsXCJcIl0ifQ==&#8221; superheadline=&#8221;&#8221; headline=&#8221;Mes prestations de toilettages&#8221; subheadline=&#8221;&#8221; html_tag=&#8221;h1&#8243; align=&#8221;inherit,;,,;,,;,,;,,;,&#8221; dash=&#8221;none&#8221; color_scheme=&#8221;&#8221; color=&#8221;&#8221; font=&#8221;inherit&#8221; font_size=&#8221;&#8221; text_transform=&#8221;&#8221; superheadline_text_transform=&#8221;&#8221; subheadline_text_transform=&#8221;&#8221; url=&#8221;&#8221; target=&#8221;_self&#8221; responsive=&#8221;&#8221; publish_datetime=&#8221;&#8221; expiry_datetime=&#8221;&#8221; animation=&#8221;no_animation&#8221; el_id=&#8221;&#8221; el_class=&#8221;&#8221; el_style=&#8221;&#8221; font_weight=&#8221;&#8221; size=&#8221;inherit,;,,;,,;,,;,,;,&#8221; superheadline_font_weight=&#8221;&#8221; subheadline_font_weight=&#8221;&#8221;][\/bt_bb_headline][bt_bb_separator top_spacing=&#8221;&#8221; bottom_spacing=&#8221;medium&#8221; border_style=&#8221;none&#8221; border_width=&#8221;&#8221; responsive=&#8221;&#8221; publish_datetime=&#8221;&#8221; expiry_datetime=&#8221;&#8221; el_id=&#8221;&#8221; el_class=&#8221;&#8221; el_style=&#8221;&#8221;][\/bt_bb_separator][\/bt_bb_column][\/bt_bb_row][bt_bb_row bb_version=&#8221;4.6.1&#8243; bt_bb_toggled=&#8221;false&#8221; column_gap=&#8221;normal&#8221; negative_margin=&#8221;&#8221; shadow=&#8221;&#8221; layout=&#8221;&#8221; background_color=&#8221;&#8221; opacity=&#8221;&#8221; responsive=&#8221;&#8221; publish_datetime=&#8221;&#8221; expiry_datetime=&#8221;&#8221; animation=&#8221;no_animation&#8221; el_id=&#8221;&#8221; el_class=&#8221;&#8221; el_style=&#8221;&#8221;][bt_bb_column order=&#8221;0&#8243; lazy_load=&#8221;yes&#8221; bb_version=&#8221;5.1.3&#8243; shape=&#8221;inherit&#8221; border=&#8221;&#8221; width=&#8221;1\/1&#8243; width_xl=&#8221;1\/1&#8243; width_lg=&#8221;1\/1&#8243; width_md=&#8221;1\/1&#8243; width_sm=&#8221;1\/1&#8243; width_xs=&#8221;1\/1&#8243;][bt_bb_row_inner bb_version=&#8221;5.1.3&#8243;][bt_bb_column_inner width=&#8221;1\/3&#8243; width_xl=&#8221;1\/3&#8243; width_lg=&#8221;1\/3&#8243; width_md=&#8221;1\/1&#8243; width_sm=&#8221;1\/1&#8243; width_xs=&#8221;1\/1&#8243; order=&#8221;0&#8243; lazy_load=&#8221;yes&#8221; bb_version=&#8221;5.1.3&#8243; shape=&#8221;inherit&#8221; border=&#8221;&#8221;][bt_bb_card html_tag=&#8221;h3&#8243; title_size=&#8221;&#8221; dash=&#8221;&#8221; shape=&#8221;&#8221; supertitle=&#8221;&#8221; title=&#8221;Brossage Bain S\u00e9chage<br \/>\n&#8221; text=&#8221;Entre deux toilettages complets, pour entretenir son pelage ou pour redonner une bonne odeur apr\u00e8s certaines roulades odorantes dans les champs.&#8221; color_scheme=&#8221;&#8221; button_text=&#8221;&#8221; url=&#8221;&#8221; target=&#8221;_self&#8221; responsive=&#8221;&#8221; publish_datetime=&#8221;&#8221; expiry_datetime=&#8221;&#8221; el_id=&#8221;&#8221; el_class=&#8221;&#8221; el_style=&#8221;&#8221; icon=&#8221;&#8221; background_image=&#8221;1741&#8243; colored_icon=&#8221;f1\/bath&#8221; colored_icon_color_scheme=&#8221;light-alternate-skin&#8221; animation=&#8221;no_animation&#8221; bb_version=&#8221;4.6.1&#8243;][\/bt_bb_card][bt_bb_separator top_spacing=&#8221;&#8221; bottom_spacing=&#8221;medium&#8221; border_style=&#8221;none&#8221; border_width=&#8221;&#8221; responsive=&#8221;&#8221; publish_datetime=&#8221;&#8221; expiry_datetime=&#8221;&#8221; el_id=&#8221;&#8221; el_class=&#8221;&#8221; el_style=&#8221;&#8221;][\/bt_bb_separator][bt_bb_card html_tag=&#8221;h3&#8243; title_size=&#8221;&#8221; dash=&#8221;&#8221; shape=&#8221;&#8221; supertitle=&#8221;&#8221; title=&#8221;D\u00e9tartrage&#8221; text=&#8221;Sans anesth\u00e9sie et avec douceur, au rythme du chien et de la confiance qui s&#8217;\u00e9tablit, le d\u00e9tartrage se fait dans une ambiance calme et avec tout le mat\u00e9riel d&#8217;hygi\u00e8ne requis.&#8221; color_scheme=&#8221;&#8221; button_text=&#8221;&#8221; url=&#8221;&#8221; target=&#8221;_self&#8221; responsive=&#8221;&#8221; publish_datetime=&#8221;&#8221; expiry_datetime=&#8221;&#8221; el_id=&#8221;&#8221; el_class=&#8221;&#8221; el_style=&#8221;&#8221; icon=&#8221;&#8221; background_image=&#8221;1741&#8243; colored_icon=&#8221;f1\/tooth-paste&#8221; colored_icon_color_scheme=&#8221;light-alternate-skin&#8221; animation=&#8221;no_animation&#8221; bb_version=&#8221;4.6.1&#8243;][\/bt_bb_card][bt_bb_separator top_spacing=&#8221;&#8221; bottom_spacing=&#8221;medium&#8221; border_style=&#8221;none&#8221; border_width=&#8221;&#8221; responsive=&#8221;&#8221; publish_datetime=&#8221;&#8221; expiry_datetime=&#8221;&#8221; el_id=&#8221;&#8221; el_class=&#8221;&#8221; el_style=&#8221;&#8221;][\/bt_bb_separator][\/bt_bb_column_inner][bt_bb_column_inner width=&#8221;1\/3&#8243; width_xl=&#8221;1\/3&#8243; width_lg=&#8221;1\/3&#8243; width_md=&#8221;1\/1&#8243; width_sm=&#8221;1\/1&#8243; width_xs=&#8221;1\/1&#8243; order=&#8221;0&#8243; lazy_load=&#8221;yes&#8221; bb_version=&#8221;5.1.3&#8243; shape=&#8221;inherit&#8221; border=&#8221;&#8221;][bt_bb_card html_tag=&#8221;h3&#8243; title_size=&#8221;&#8221; dash=&#8221;&#8221; shape=&#8221;&#8221; supertitle=&#8221;&#8221; title=&#8221;Coupe Tonte&#8221; text=&#8221;En fonction du type de poils, la tonte est la coupe id\u00e9ale. Attention elle n&#8217;est pas pour tous les chiens.&#8221; color_scheme=&#8221;&#8221; button_text=&#8221;&#8221; url=&#8221;&#8221; target=&#8221;_self&#8221; responsive=&#8221;&#8221; publish_datetime=&#8221;&#8221; expiry_datetime=&#8221;&#8221; el_id=&#8221;&#8221; el_class=&#8221;&#8221; el_style=&#8221;&#8221; icon=&#8221;&#8221; background_image=&#8221;1743&#8243; colored_icon=&#8221;f1\/brush&#8221; colored_icon_color_scheme=&#8221;light-alternate-skin&#8221; animation=&#8221;no_animation&#8221; bb_version=&#8221;5.1.3&#8243;][\/bt_bb_card][bt_bb_separator top_spacing=&#8221;&#8221; bottom_spacing=&#8221;medium&#8221; border_style=&#8221;none&#8221; border_width=&#8221;&#8221; responsive=&#8221;&#8221; publish_datetime=&#8221;&#8221; expiry_datetime=&#8221;&#8221; el_id=&#8221;&#8221; el_class=&#8221;&#8221; el_style=&#8221;&#8221;][\/bt_bb_separator][bt_bb_card html_tag=&#8221;h3&#8243; title_size=&#8221;&#8221; dash=&#8221;&#8221; shape=&#8221;&#8221; supertitle=&#8221;&#8221; title=&#8221;Coupe aux ciseaux&#8221; text=&#8221;La pr\u00e9paration, le bain et le s\u00e9chage termin\u00e9s, place aux ciseaux. Respect du poils et de la longeur demand\u00e9e par le propri\u00e9taire, c&#8217;est une coupe minutieuse.&#8221; color_scheme=&#8221;&#8221; button_text=&#8221;&#8221; url=&#8221;&#8221; target=&#8221;_self&#8221; responsive=&#8221;&#8221; publish_datetime=&#8221;&#8221; expiry_datetime=&#8221;&#8221; el_id=&#8221;&#8221; el_class=&#8221;&#8221; el_style=&#8221;&#8221; icon=&#8221;&#8221; background_image=&#8221;1741&#8243; colored_icon=&#8221;f2\/scissors&#8221; colored_icon_color_scheme=&#8221;light-alternate-skin&#8221; animation=&#8221;no_animation&#8221; bb_version=&#8221;4.6.1&#8243;][\/bt_bb_card][bt_bb_separator top_spacing=&#8221;&#8221; bottom_spacing=&#8221;medium&#8221; border_style=&#8221;none&#8221; border_width=&#8221;&#8221; responsive=&#8221;&#8221; publish_datetime=&#8221;&#8221; expiry_datetime=&#8221;&#8221; el_id=&#8221;&#8221; el_class=&#8221;&#8221; el_style=&#8221;&#8221;][\/bt_bb_separator][bt_bb_card html_tag=&#8221;h3&#8243; title_size=&#8221;&#8221; dash=&#8221;&#8221; shape=&#8221;&#8221; supertitle=&#8221;&#8221; title=&#8221;Chiots&#8221; text=&#8221;L&#8217;initiation toilettage pour les chiots est une \u00e9tape de l&#8217;\u00e9ducation canine. La d\u00e9couverte du lieu, la table, la baignoire et la d\u00e9sensibilisation aux bruits, \u00e0 la chaleur du pulseur, aux jets d&#8217;eau et aux outils &#8230; tout un programme ! Venez d\u00e8s l\u2019\u00e2ge de quatre mois pour qu&#8217;il se fasse caliner par sa nouvelle toiletteuse.&#8221; color_scheme=&#8221;&#8221; button_text=&#8221;&#8221; url=&#8221;&#8221; target=&#8221;_self&#8221; responsive=&#8221;&#8221; publish_datetime=&#8221;&#8221; expiry_datetime=&#8221;&#8221; el_id=&#8221;&#8221; el_class=&#8221;&#8221; el_style=&#8221;&#8221; icon=&#8221;&#8221; background_image=&#8221;1743&#8243; colored_icon=&#8221;f1\/candy&#8221; colored_icon_color_scheme=&#8221;light-alternate-skin&#8221; animation=&#8221;no_animation&#8221; bb_version=&#8221;4.6.1&#8243;][\/bt_bb_card][bt_bb_separator top_spacing=&#8221;none,;,,;,,;,,;,,;,&#8221; bottom_spacing=&#8221;normal,;,,;,,;,,;,,;,&#8221; border_style=&#8221;none&#8221; border_width=&#8221;&#8221; responsive=&#8221;&#8221; publish_datetime=&#8221;&#8221; expiry_datetime=&#8221;&#8221; el_id=&#8221;&#8221; el_class=&#8221;&#8221; el_style=&#8221;&#8221; animation=&#8221;no_animation&#8221; bb_version=&#8221;4.6.1&#8243;][\/bt_bb_separator][\/bt_bb_column_inner][bt_bb_column_inner width=&#8221;1\/3&#8243; width_xl=&#8221;1\/3&#8243; width_lg=&#8221;1\/3&#8243; width_md=&#8221;1\/1&#8243; width_sm=&#8221;1\/1&#8243; width_xs=&#8221;1\/1&#8243; order=&#8221;0&#8243; lazy_load=&#8221;yes&#8221; bb_version=&#8221;5.1.3&#8243; shape=&#8221;inherit&#8221; border=&#8221;&#8221;][bt_bb_card html_tag=&#8221;h3&#8243; title_size=&#8221;&#8221; dash=&#8221;&#8221; shape=&#8221;&#8221; supertitle=&#8221;&#8221; title=&#8221;Grands chiens&#8221; text=&#8221;Je travaille sur toutes les tailles de chiens, y compris les chiens primitifs, les Bouviers Bernois, les Leonberg ou tout autre chien trop grand pour une baignoire !&#8221; color_scheme=&#8221;&#8221; button_text=&#8221;&#8221; url=&#8221;&#8221; target=&#8221;_self&#8221; responsive=&#8221;&#8221; publish_datetime=&#8221;&#8221; expiry_datetime=&#8221;&#8221; el_id=&#8221;&#8221; el_class=&#8221;&#8221; el_style=&#8221;&#8221; icon=&#8221;&#8221; background_image=&#8221;1741&#8243; colored_icon=&#8221;f1\/pet-boarding&#8221; colored_icon_color_scheme=&#8221;light-alternate-skin&#8221; animation=&#8221;no_animation&#8221; bb_version=&#8221;4.6.1&#8243;][\/bt_bb_card][bt_bb_separator top_spacing=&#8221;&#8221; bottom_spacing=&#8221;medium&#8221; border_style=&#8221;none&#8221; border_width=&#8221;&#8221; responsive=&#8221;&#8221; publish_datetime=&#8221;&#8221; expiry_datetime=&#8221;&#8221; el_id=&#8221;&#8221; el_class=&#8221;&#8221; el_style=&#8221;&#8221;][\/bt_bb_separator][bt_bb_card html_tag=&#8221;h3&#8243; title_size=&#8221;&#8221; dash=&#8221;&#8221; shape=&#8221;&#8221; supertitle=&#8221;&#8221; title=&#8221;Coupe Epilation des poils ou Trimming&#8221; text=&#8221;J&#8217;\u00e9pile certaines races, comme les cockers, les westies, les cairns ou les parsons terriers entres autres. Pour le chien, cette technique indolore \u00e0 la sensation de massage et sont beaucoup \u00e0 s&#8217;endormir sur la table.<br \/>\n&#8221; color_scheme=&#8221;&#8221; button_text=&#8221;&#8221; url=&#8221;&#8221; target=&#8221;_self&#8221; responsive=&#8221;&#8221; publish_datetime=&#8221;&#8221; expiry_datetime=&#8221;&#8221; el_id=&#8221;&#8221; el_class=&#8221;&#8221; el_style=&#8221;&#8221; icon=&#8221;&#8221; background_image=&#8221;1743&#8243; colored_icon=&#8221;f1\/fence&#8221; colored_icon_color_scheme=&#8221;light-alternate-skin&#8221; animation=&#8221;no_animation&#8221; bb_version=&#8221;5.1.3&#8243;][\/bt_bb_card][bt_bb_separator top_spacing=&#8221;&#8221; bottom_spacing=&#8221;medium&#8221; border_style=&#8221;none&#8221; border_width=&#8221;&#8221; responsive=&#8221;&#8221; publish_datetime=&#8221;&#8221; expiry_datetime=&#8221;&#8221; el_id=&#8221;&#8221; el_class=&#8221;&#8221; el_style=&#8221;&#8221;][\/bt_bb_separator][bt_bb_card html_tag=&#8221;h3&#8243; title_size=&#8221;&#8221; dash=&#8221;&#8221; shape=&#8221;&#8221; supertitle=&#8221;&#8221; title=&#8221;Taxi \u00e0 domicile \/ pick-up au train&#8221; text=&#8221;Si vous n&#8217;avez pas de v\u00e9hicule, je peux venir cherchez votre compagnon et vous le ramenez (dans un p\u00e9rim\u00e8tre de 15 mins du salon).<br \/>\nSi vous venez en train, arr\u00eat Pal\u00e9zieux-Gare et je viendrais vous chercher. Le salon est \u00e0 3 mins de la gare.<br \/>\n&#8221; color_scheme=&#8221;&#8221; button_text=&#8221;&#8221; url=&#8221;&#8221; target=&#8221;_self&#8221; responsive=&#8221;&#8221; publish_datetime=&#8221;&#8221; expiry_datetime=&#8221;&#8221; el_id=&#8221;&#8221; el_class=&#8221;&#8221; el_style=&#8221;&#8221; icon=&#8221;&#8221; background_image=&#8221;1741&#8243; colored_icon=&#8221;f2\/pet-boarding&#8221; colored_icon_color_scheme=&#8221;light-alternate-skin&#8221; animation=&#8221;no_animation&#8221; bb_version=&#8221;5.0.1&#8243;][\/bt_bb_card][bt_bb_separator top_spacing=&#8221;none,;,,;,,;,,;,,;,&#8221; bottom_spacing=&#8221;normal,;,,;,,;,,;,,;,&#8221; border_style=&#8221;none&#8221; border_width=&#8221;&#8221; responsive=&#8221;&#8221; publish_datetime=&#8221;&#8221; expiry_datetime=&#8221;&#8221; el_id=&#8221;&#8221; el_class=&#8221;&#8221; el_style=&#8221;&#8221; animation=&#8221;no_animation&#8221; bb_version=&#8221;4.6.1&#8243;][\/bt_bb_separator][\/bt_bb_column_inner][\/bt_bb_row_inner][\/bt_bb_column][\/bt_bb_row][bt_bb_row column_gap=&#8221;&#8221; negative_margin=&#8221;&#8221; shadow=&#8221;&#8221; layout=&#8221;&#8221; background_color=&#8221;&#8221; opacity=&#8221;&#8221; responsive=&#8221;&#8221; publish_datetime=&#8221;&#8221; expiry_datetime=&#8221;&#8221; animation=&#8221;no_animation&#8221; el_id=&#8221;&#8221; el_class=&#8221;&#8221; el_style=&#8221;&#8221; bb_version=&#8221;4.6.1&#8243; bt_bb_toggled=&#8221;false&#8221;][bt_bb_column lazy_load=&#8221;yes&#8221; shape=&#8221;inherit&#8221; width=&#8221;1\/2&#8243; align=&#8221;center&#8221; vertical_align=&#8221;top&#8221; animation=&#8221;fade_in&#8221; background_image=&#8221;&#8221; inner_background_image=&#8221;&#8221; background_color=&#8221;&#8221; inner_background_color=&#8221;&#8221; opacity=&#8221;&#8221; responsive=&#8221;&#8221; publish_datetime=&#8221;&#8221; expiry_datetime=&#8221;&#8221; el_id=&#8221;&#8221; el_class=&#8221;&#8221; el_style=&#8221;&#8221; padding=&#8221;normal&#8221; shadow=&#8221;&#8221; width_xl=&#8221;1\/2&#8243; width_lg=&#8221;1\/2&#8243; width_md=&#8221;1\/2&#8243; width_sm=&#8221;1\/2&#8243; width_xs=&#8221;1\/1&#8243;][bt_bb_image lazy_load=&#8221;no&#8221; image=&#8221;2817&#8243; size=&#8221;boldthemes_small&#8221; image_height=&#8221;200&#8243; shape=&#8221;soft-rounded&#8221; align=&#8221;inherit,;,,;,,;,,;,,;,&#8221; caption=&#8221;&#8221; url=&#8221;&#8221; target=&#8221;_self&#8221; content_display=&#8221;always&#8221; content_background_color=&#8221;&#8221; content_background_opacity=&#8221;&#8221; content_align=&#8221;middle&#8221; responsive=&#8221;&#8221; publish_datetime=&#8221;&#8221; expiry_datetime=&#8221;&#8221; el_id=&#8221;&#8221; el_class=&#8221;&#8221; el_style=&#8221;&#8221; hover_style=&#8221;simple&#8221; animation=&#8221;no_animation&#8221; bb_version=&#8221;5.0.1&#8243;][\/bt_bb_image][bt_bb_separator top_spacing=&#8221;&#8221; bottom_spacing=&#8221;normal&#8221; border_style=&#8221;none&#8221; border_width=&#8221;&#8221; responsive=&#8221;&#8221; publish_datetime=&#8221;&#8221; expiry_datetime=&#8221;&#8221; el_id=&#8221;&#8221; el_class=&#8221;&#8221; el_style=&#8221;&#8221;][\/bt_bb_separator][bt_bb_headline font_subset=&#8221;latin,latin-ext&#8221; superheadline=&#8221;&#8221; headline=&#8221;Christelle&#8221; subheadline=&#8221;&#8221; html_tag=&#8221;h3&#8243; align=&#8221;inherit,;,,;,,;,,;,,;,&#8221; dash=&#8221;none&#8221; color_scheme=&#8221;light-alternate-skin&#8221; color=&#8221;&#8221; supertitle_position=&#8221;&#8221; font=&#8221;inherit&#8221; font_size=&#8221;&#8221; url=&#8221;&#8221; target=&#8221;_self&#8221; responsive=&#8221;&#8221; publish_datetime=&#8221;&#8221; expiry_datetime=&#8221;&#8221; el_id=&#8221;&#8221; el_class=&#8221;&#8221; el_style=&#8221;&#8221; font_weight=&#8221;&#8221; size=&#8221;small,;,,;,,;,,;,,;,&#8221; superheadline_font_weight=&#8221;&#8221; subheadline_font_weight=&#8221;&#8221; text_transform=&#8221;&#8221; superheadline_text_transform=&#8221;&#8221; subheadline_text_transform=&#8221;&#8221; animation=&#8221;no_animation&#8221; bb_version=&#8221;5.0.1&#8243; ai_prompt=&#8221;eyJrZXl3b3JkcyI6IiIsInRvbmUiOiIiLCJtb2RlIjoiZ2VuZXJhdGUiLCJsYW5ndWFnZSI6IiIsImxlbmd0aCI6IltcIlwiLFwiXCIsXCJcIl0ifQ==&#8221; font_load_extension=&#8221;&#8221;][\/bt_bb_headline][bt_bb_separator top_spacing=&#8221;&#8221; bottom_spacing=&#8221;medium&#8221; border_style=&#8221;none&#8221; border_width=&#8221;&#8221; responsive=&#8221;&#8221; publish_datetime=&#8221;&#8221; expiry_datetime=&#8221;&#8221; el_id=&#8221;&#8221; el_class=&#8221;&#8221; el_style=&#8221;&#8221;][\/bt_bb_separator][\/bt_bb_column][bt_bb_column lazy_load=&#8221;yes&#8221; shape=&#8221;inherit&#8221; width=&#8221;1\/2&#8243; align=&#8221;center&#8221; vertical_align=&#8221;top&#8221; animation=&#8221;fade_in&#8221; background_image=&#8221;&#8221; inner_background_image=&#8221;&#8221; background_color=&#8221;&#8221; inner_background_color=&#8221;&#8221; opacity=&#8221;&#8221; responsive=&#8221;&#8221; publish_datetime=&#8221;&#8221; expiry_datetime=&#8221;&#8221; el_id=&#8221;&#8221; el_class=&#8221;&#8221; el_style=&#8221;&#8221; padding=&#8221;normal&#8221; shadow=&#8221;&#8221; width_xl=&#8221;1\/2&#8243; width_lg=&#8221;1\/2&#8243; width_md=&#8221;1\/2&#8243; width_sm=&#8221;1\/2&#8243; width_xs=&#8221;1\/1&#8243;][bt_bb_separator top_spacing=&#8221;&#8221; bottom_spacing=&#8221;normal&#8221; border_style=&#8221;none&#8221; border_width=&#8221;&#8221; responsive=&#8221;&#8221; publish_datetime=&#8221;&#8221; expiry_datetime=&#8221;&#8221; el_id=&#8221;&#8221; el_class=&#8221;&#8221; el_style=&#8221;&#8221;][\/bt_bb_separator][bt_bb_service colored_icon=&#8221;no_icon&#8221; title_size=&#8221;xsmall&#8221; icon=&#8221;essential_e94e&#8221; color_scheme=&#8221;&#8221; style=&#8221;borderless&#8221; shape=&#8221;circle&#8221; colored_icon_color_scheme=&#8221;&#8221; title=&#8221;Dipl\u00f4m\u00e9e&#8221; text=&#8221;Toiletteuse certifi\u00e9e Newdog<\/p>\n<p>\u00c9ducatrice canin Profil 1+<br \/>\nDipl\u00f4m\u00e9e Instructeur Canin<br \/>\nUCS-SKB<br \/>\n&#8221; url=&#8221;&#8221; target=&#8221;_self&#8221; title_color_scheme=&#8221;accent-light-skin&#8221; title_weight=&#8221;&#8221; align=&#8221;inherit,;,,;,,;,,;,,;,&#8221; size=&#8221;large,;,,;,,;,,;,,;,&#8221; border=&#8221;&#8221; responsive=&#8221;&#8221; publish_datetime=&#8221;&#8221; expiry_datetime=&#8221;&#8221; el_id=&#8221;&#8221; el_class=&#8221;&#8221; el_style=&#8221;&#8221; ai_prompt=&#8221;eyJrZXl3b3JkcyI6IiIsInRvbmUiOiIiLCJsYW5ndWFnZSI6IiIsImxlbmd0aCI6IltcIlwiLFwiXCJdIn0=&#8221; animation=&#8221;no_animation&#8221; bb_version=&#8221;4.8.0&#8243;][\/bt_bb_service][bt_bb_separator top_spacing=&#8221;none,;,,;,,;,,;,,;,&#8221; bottom_spacing=&#8221;medium,;,,;,,;,,;,,;,&#8221; border_style=&#8221;none&#8221; border_width=&#8221;&#8221; responsive=&#8221;&#8221; publish_datetime=&#8221;&#8221; expiry_datetime=&#8221;&#8221; el_id=&#8221;&#8221; el_class=&#8221;&#8221; el_style=&#8221;&#8221; animation=&#8221;no_animation&#8221; bb_version=&#8221;4.6.1&#8243;][\/bt_bb_separator][bt_bb_button text=&#8221;Appeler&#8221; icon=&#8221;&#8221; icon_position=&#8221;left&#8221; url=&#8221;tel:+41788719025&#8243; target=&#8221;_blank&#8221; align=&#8221;inherit,;,,;,,;,,;,,;,&#8221; size=&#8221;small,;,,;,,;,,;,,;,&#8221; color_scheme=&#8221;light-accent-skin&#8221; style=&#8221;filled&#8221; width=&#8221;inline&#8221; shape=&#8221;inherit&#8221; el_id=&#8221;&#8221; el_class=&#8221;&#8221; el_style=&#8221;&#8221; responsive=&#8221;&#8221; publish_datetime=&#8221;&#8221; expiry_datetime=&#8221;&#8221; weight=&#8221;&#8221; font=&#8221;inherit&#8221; font_subset=&#8221;latin,latin-ext&#8221; text_transform=&#8221;inherit&#8221; animation=&#8221;no_animation&#8221; bb_version=&#8221;4.7.6&#8243;][\/bt_bb_button][bt_bb_button text=&#8221;Whatsapp&#8221; icon=&#8221;fontawesome_f232&#8243; icon_position=&#8221;left&#8221; url=&#8221;https:\/\/api.whatsapp.com\/send?phone=41788719025&#8243; target=&#8221;_blank&#8221; align=&#8221;inherit,;,,;,,;,,;,,;,&#8221; size=&#8221;small,;,,;,,;,,;,,;,&#8221; color_scheme=&#8221;light-accent-skin&#8221; style=&#8221;filled&#8221; width=&#8221;inline&#8221; shape=&#8221;inherit&#8221; el_id=&#8221;&#8221; el_class=&#8221;&#8221; el_style=&#8221;&#8221; responsive=&#8221;&#8221; publish_datetime=&#8221;&#8221; expiry_datetime=&#8221;&#8221; weight=&#8221;&#8221; font=&#8221;inherit&#8221; font_subset=&#8221;latin,latin-ext&#8221; text_transform=&#8221;inherit&#8221; animation=&#8221;no_animation&#8221; bb_version=&#8221;4.7.6&#8243;][\/bt_bb_button][bt_bb_button text=&#8221;+ d&#8217;infos&#8221; icon=&#8221;&#8221; icon_position=&#8221;left&#8221; url=&#8221;https:\/\/www.bonchien.ch\/christelle\/&#8221; target=&#8221;_self&#8221; align=&#8221;inherit,;,,;,,;,,;,,;,&#8221; size=&#8221;small,;,,;,,;,,;,,;,&#8221; color_scheme=&#8221;accent-light-skin&#8221; style=&#8221;filled&#8221; width=&#8221;inline&#8221; shape=&#8221;inherit&#8221; el_id=&#8221;&#8221; el_class=&#8221;&#8221; el_style=&#8221;&#8221; responsive=&#8221;&#8221; publish_datetime=&#8221;&#8221; expiry_datetime=&#8221;&#8221; weight=&#8221;&#8221; font=&#8221;inherit&#8221; font_subset=&#8221;latin,latin-ext&#8221; text_transform=&#8221;inherit&#8221; animation=&#8221;no_animation&#8221; bb_version=&#8221;5.0.1&#8243; font_load_extension=&#8221;&#8221;][\/bt_bb_button][bt_bb_separator top_spacing=&#8221;&#8221; bottom_spacing=&#8221;medium&#8221; border_style=&#8221;none&#8221; border_width=&#8221;&#8221; responsive=&#8221;&#8221; publish_datetime=&#8221;&#8221; expiry_datetime=&#8221;&#8221; el_id=&#8221;&#8221; el_class=&#8221;&#8221; el_style=&#8221;&#8221;][\/bt_bb_separator][\/bt_bb_column][\/bt_bb_row][\/bt_bb_section]<\/p>","protected":false},"excerpt":{"rendered":"<p>[bt_bb_section layout=&#8221;boxed_1200&#8243; lazy_load=&#8221;no&#8221; top_spacing=&#8221;medium,;,,;,,;,,;,,;,&#8221; bottom_spacing=&#8221;normal,;,,;,,;,,;,,;,&#8221; full_screen=&#8221;&#8221; vertical_align=&#8221;top&#8221; color_scheme=&#8221;&#8221; background_color=&#8221;&#8221; background_image=&#8221;3688&#8243; background_overlay=&#8221;light_stripes&#8221; top_section_coverage_image=&#8221;&#8221; bottom_section_coverage_image=&#8221;&#8221; parallax=&#8221;0.8&#8243; parallax_offset=&#8221;&#8221; background_video_yt=&#8221;&#8221; yt_video_settings=&#8221;&#8221; background_video_mp4=&#8221;&#8221; background_video_ogg=&#8221;&#8221; background_video_webm=&#8221;&#8221; responsive=&#8221;&#8221; publish_datetime=&#8221;&#8221; expiry_datetime=&#8221;&#8221; el_id=&#8221;&#8221; el_class=&#8221;&#8221; el_style=&#8221;&#8221; negative_margin=&#8221;&#8221; section_coverage_image=&#8221;&#8221; bt_bb_toggled=&#8221;false&#8221; show_video_on_mobile=&#8221;&#8221; animation=&#8221;no_animation&#8221; bb_version=&#8221;5.1.3&#8243;][bt_bb_row bb_version=&#8221;5.1.3&#8243;][bt_bb_column order=&#8221;0&#8243; lazy_load=&#8221;yes&#8221; bb_version=&#8221;5.1.3&#8243; shape=&#8221;inherit&#8221; border=&#8221;&#8221; width=&#8221;1\/1&#8243; width_xl=&#8221;1\/1&#8243; width_lg=&#8221;1\/1&#8243; width_md=&#8221;1\/1&#8243; width_sm=&#8221;1\/1&#8243; width_xs=&#8221;1\/1&#8243;][bt_bb_headline supertitle_position=&#8221;outside&#8221; font_subset=&#8221;latin,latin-ext&#8221; font_load_extension=&#8221;&#8221; bb_version=&#8221;5.1.3&#8243; ai_prompt=&#8221;eyJrZXl3b3JkcyI6IiIsInRvbmUiOiIiLCJtb2RlIjoiZ2VuZXJhdGUiLCJsYW5ndWFnZSI6IiIsImxlbmd0aCI6IltcIlwiLFwiXCIsXCJcIl0ifQ==&#8221; superheadline=&#8221;&#8221; headline=&#8221;Mes prestations de toilettages&#8221; subheadline=&#8221;&#8221; [&hellip;]<\/p>","protected":false},"author":1,"featured_media":0,"parent":0,"menu_order":0,"comment_status":"closed","ping_status":"closed","template":"","meta":{"footnotes":""},"class_list":["post-24124","page","type-page","status-publish","hentry"],"_links":{"self":[{"href":"https:\/\/wp-base.ir\/fa\/wp-json\/wp\/v2\/pages\/24124","targetHints":{"allow":["GET"]}}],"collection":[{"href":"https:\/\/wp-base.ir\/fa\/wp-json\/wp\/v2\/pages"}],"about":[{"href":"https:\/\/wp-base.ir\/fa\/wp-json\/wp\/v2\/types\/page"}],"author":[{"embeddable":true,"href":"https:\/\/wp-base.ir\/fa\/wp-json\/wp\/v2\/users\/1"}],"replies":[{"embeddable":true,"href":"https:\/\/wp-base.ir\/fa\/wp-json\/wp\/v2\/comments?post=24124"}],"version-history":[{"count":0,"href":"https:\/\/wp-base.ir\/fa\/wp-json\/wp\/v2\/pages\/24124\/revisions"}],"wp:attachment":[{"href":"https:\/\/wp-base.ir\/fa\/wp-json\/wp\/v2\/media?parent=24124"}],"curies":[{"name":"wp","href":"https:\/\/api.w.org\/{rel}","templated":true}]}}